{"id":38,"date":"2025-08-11T14:31:00","date_gmt":"2025-08-11T14:31:00","guid":{"rendered":"https:\/\/poyrazotoyolyardim.com.tr\/?page_id=38"},"modified":"2025-08-20T21:48:07","modified_gmt":"2025-08-20T21:48:07","slug":"about","status":"publish","type":"page","link":"https:\/\/poyrazotoyolyardim.com.tr\/?page_id=38","title":{"rendered":"Hizmetlerimiz"},"content":{"rendered":"<p data-start=\"1011\" data-end=\"1169\">\ud83d\ude97 <strong data-start=\"1014\" data-end=\"1041\">7\/24 Oto \u00c7ekici Hizmeti<\/strong><br data-start=\"1041\" data-end=\"1044\" \/>G\u00fcn\u00fcn her saati, arac\u0131n\u0131z ar\u0131za yapt\u0131\u011f\u0131nda veya kaza sonras\u0131 yolda kald\u0131\u011f\u0131nda profesyonel \u00e7ekici ekibimiz ile yan\u0131n\u0131zday\u0131z.<\/p>\n<p data-start=\"1171\" data-end=\"1340\">\ud83d\ude9a <strong data-start=\"1174\" data-end=\"1204\">\u015eehirler Aras\u0131 Ara\u00e7 Ta\u015f\u0131ma<\/strong><br data-start=\"1204\" data-end=\"1207\" \/>Arac\u0131n\u0131z\u0131 g\u00fcvenli, sigortal\u0131 ve zaman\u0131nda \u015fehirler aras\u0131 ta\u015f\u0131yoruz. Uzun yol ara\u00e7 ta\u015f\u0131ma konusunda g\u00fcvenilir \u00e7\u00f6z\u00fcm orta\u011f\u0131n\u0131z biziz.<\/p>\n<p data-start=\"1342\" data-end=\"1517\">\ud83d\udd27 <strong data-start=\"1345\" data-end=\"1367\">Yol Yard\u0131m Hizmeti<\/strong><br data-start=\"1367\" data-end=\"1370\" \/>Lastik patlamas\u0131, ak\u00fc bitmesi, yak\u0131t t\u00fckenmesi gibi durumlarda acil yol yard\u0131m hizmetimizle h\u0131zl\u0131ca m\u00fcdahale ederek sizi tekrar yola \u00e7\u0131kar\u0131yoruz.<\/p>\n<p data-start=\"1519\" data-end=\"1671\">\ud83d\udefb <strong data-start=\"1522\" data-end=\"1543\">Acil Oto Kurtarma<\/strong><br data-start=\"1543\" data-end=\"1546\" \/>Ara\u00e7lar\u0131n karda, \u00e7amurda veya yoldan \u00e7\u0131kmas\u0131 gibi durumlarda \u00f6zel ekipmanlar\u0131m\u0131zla profesyonel kurtarma deste\u011fi sa\u011fl\u0131yoruz.<\/p>\n<p data-start=\"1673\" data-end=\"1794\">\ud83c\udfcd\ufe0f <strong data-start=\"1677\" data-end=\"1711\">Motosiklet ve \u00d6zel Ara\u00e7 Ta\u015f\u0131ma<\/strong><br data-start=\"1711\" data-end=\"1714\" \/>Motosiklet, klasik ara\u00e7 ve \u00f6zel ara\u00e7lar i\u00e7in g\u00fcvenli ta\u015f\u0131ma hizmeti sunuyoruz.<\/p>\n","protected":false},"excerpt":{"rendered":"<p>\ud83d\ude97 7\/24 Oto \u00c7ekici HizmetiG\u00fcn\u00fcn her saati, arac\u0131n\u0131z ar\u0131za yapt\u0131\u011f\u0131nda veya kaza sonras\u0131 yolda kald\u0131\u011f\u0131nda profesyonel \u00e7ekici ekibimiz ile yan\u0131n\u0131zday\u0131z. \ud83d\ude9a \u015eehirler Aras\u0131 Ara\u00e7 Ta\u015f\u0131maArac\u0131n\u0131z\u0131 g\u00fcvenli, sigortal\u0131 ve zaman\u0131nda \u015fehirler aras\u0131 ta\u015f\u0131yoruz. Uzun yol ara\u00e7 ta\u015f\u0131ma konusunda g\u00fcvenilir \u00e7\u00f6z\u00fcm orta\u011f\u0131n\u0131z biziz. \ud83d\udd27 Yol Yard\u0131m HizmetiLastik patlamas\u0131, ak\u00fc bitmesi, yak\u0131t t\u00fckenmesi gibi durumlarda acil yol yard\u0131m [&hellip;]<\/p>\n","protected":false},"author":1,"featured_media":0,"parent":0,"menu_order":0,"comment_status":"closed","ping_status":"closed","template":"","meta":{"footnotes":""},"class_list":["post-38","page","type-page","status-publish","hentry"],"_links":{"self":[{"href":"https:\/\/poyrazotoyolyardim.com.tr\/index.php?rest_route=\/wp\/v2\/pages\/38","targetHints":{"allow":["GET"]}}],"collection":[{"href":"https:\/\/poyrazotoyolyardim.com.tr\/index.php?rest_route=\/wp\/v2\/pages"}],"about":[{"href":"https:\/\/poyrazotoyolyardim.com.tr\/index.php?rest_route=\/wp\/v2\/types\/page"}],"author":[{"embeddable":true,"href":"https:\/\/poyrazotoyolyardim.com.tr\/index.php?rest_route=\/wp\/v2\/users\/1"}],"replies":[{"embeddable":true,"href":"https:\/\/poyrazotoyolyardim.com.tr\/index.php?rest_route=%2Fwp%2Fv2%2Fcomments&post=38"}],"version-history":[{"count":1,"href":"https:\/\/poyrazotoyolyardim.com.tr\/index.php?rest_route=\/wp\/v2\/pages\/38\/revisions"}],"predecessor-version":[{"id":67,"href":"https:\/\/poyrazotoyolyardim.com.tr\/index.php?rest_route=\/wp\/v2\/pages\/38\/revisions\/67"}],"wp:attachment":[{"href":"https:\/\/poyrazotoyolyardim.com.tr\/index.php?rest_route=%2Fwp%2Fv2%2Fmedia&parent=38"}],"curies":[{"name":"wp","href":"https:\/\/api.w.org\/{rel}","templated":true}]}}